{"id":78,"date":"2013-09-01T18:47:00","date_gmt":"2013-09-01T16:47:00","guid":{"rendered":"http:\/\/www.marom.pl\/?page_id=78"},"modified":"2021-05-23T09:50:20","modified_gmt":"2021-05-23T07:50:20","slug":"cookie-policy","status":"publish","type":"page","link":"http:\/\/www.marom.pl\/?page_id=78","title":{"rendered":"Polityka prywatno\u015bci"},"content":{"rendered":"<p style=\"text-align: center;\"><strong>Polityka prywatno\u015bci<\/strong><\/p>\n<p style=\"text-align: center;\"><strong>serwisu www.marom.pl<\/strong><\/p>\n<p style=\"text-align: center;\"><strong>&nbsp;<\/strong><\/p>\n<p>W\u0142a\u015bcicielem serwisu&nbsp;<strong>www.marom<\/strong><strong>.pl<\/strong>&nbsp;jest&nbsp;<strong>MAROM Marek Judycki<\/strong><\/p>\n<p>Serwis jest hostowany w <strong>Ogicom &#8222;Spider&#8221; Sp. z o.o.<\/strong>&nbsp;(http:\/\/www.blink.pl)<\/p>\n<p><strong>Dane pobierane podczas wizyt na stronie www.marom.pl<\/strong><\/p>\n<p>Podczas ka\u017cdej wizyty na stronie pobierane s\u0105 automatycznie dane okre\u015blaj\u0105ce adres IP komputera, nazwy domenowej, typ przegl\u0105darki internetowej, typ sytemu operacyjnego, itp.<\/p>\n<p><strong>Spos\u00f3b wykorzystywani gromadzonych danych<\/strong><\/p>\n<p>Wszystkie uzyskane automatycznie dane pozostaj\u0105 do wgl\u0105du MAROM Marek Judycki i nie s\u0105 udost\u0119pniane osobom trzecim. Dane te mog\u0105 zosta\u0107 u\u017cyte zewn\u0119trznie do wykonywania statystyk odwiedzin oraz analizy najcz\u0119\u015bciej odwiedzanych link\u00f3w celem podwy\u017cszenia funkcjonalno\u015bci serwisu.<\/p>\n<p><strong>Spos\u00f3b zmiany uzyskanych danych<\/strong><\/p>\n<p>Dane zbierane automatycznie podczas wizyt na stronach www.marom.pl nie mog\u0105 by\u0107 zmieniane ani usuwane.<\/p>\n<p><strong>Wykorzystywanie ciasteczek &#8222;cookies&#8221;<\/strong><\/p>\n<p>Serwis mo\u017ce wykorzystywa\u0107 ciasteczka do identyfikacji odwiedzaj\u0105cego serwis w celu podwy\u017cszenia funkcjonalno\u015bci serwisu. Ciasteczka nie pobieraj\u0105 danych osobowych.<\/p>\n<ol>\n<li>Je\u015bli u\u017cytkownik nie chce otrzymywa\u0107 plik\u00f3w cookies, mo\u017ce zmieni\u0107 ustawienia przegl\u0105darki. Zastrzegamy, \u017ce wy\u0142\u0105czenie obs\u0142ugi plik\u00f3w cookies niezb\u0119dnych dla proces\u00f3w uwierzytelniania, bezpiecze\u0144stwa, utrzymania preferencji u\u017cytkownika mo\u017ce utrudni\u0107, a w skrajnych przypadkach mo\u017ce uniemo\u017cliwi\u0107 korzystanie ze stron www<\/li>\n<li>W celu zarz\u0105dzania ustawieniami cookies wybierz z listy poni\u017cej przegl\u0105dark\u0119 internetow\u0105\/ system i post\u0119puj zgodnie z instrukcjami:\n<ul>\n<li><a href=\"https:\/\/support.microsoft.com\/pl-pl\/windows\/usuwanie-plik%C3%B3w-cookie-i-zarz%C4%85dzanie-nimi-168dab11-0753-043d-7c16-ede5947fc64d\" target=\"_blank\" rel=\"noopener\">Internet Explorer<\/a><\/li>\n<li><a href=\"http:\/\/support.google.com\/chrome\/bin\/answer.py?hl=pl&amp;answer=95647\" target=\"_blank\" rel=\"noopener\">Chrome<\/a><\/li>\n<li><a href=\"http:\/\/support.apple.com\/kb\/PH5042\" target=\"_blank\" rel=\"noopener\">Safari<\/a><\/li>\n<li><a href=\"http:\/\/support.mozilla.org\/pl\/kb\/W%C5%82%C4%85czanie%20i%20wy%C5%82%C4%85czanie%20obs%C5%82ugi%20ciasteczek\" target=\"_blank\" rel=\"noopener\">Firefox<\/a><\/li>\n<li><a href=\"http:\/\/help.opera.com\/Windows\/12.10\/pl\/cookies.html\" target=\"_blank\" rel=\"noopener\">Opera<\/a><\/li>\n<li><a href=\"http:\/\/support.google.com\/chrome\/bin\/answer.py?hl=pl&amp;answer=95647\" target=\"_blank\" rel=\"noopener\">Android<\/a><\/li>\n<li><a href=\"http:\/\/support.apple.com\/kb\/HT1677?viewlocale=pl_PL\" target=\"_blank\" rel=\"noopener\">Safari (iOS)<\/a><\/li>\n<li><a href=\"http:\/\/www.windowsphone.com\/pl-pl\/how-to\/wp7\/web\/changing-privacy-and-other-browser-settings\" target=\"_blank\" rel=\"noopener\">Windows Phone<\/a><\/li>\n<\/ul>\n<\/li>\n<\/ol>\n<p><strong>W jaki spos\u00f3b s\u0105 zabezpieczone Twoje dane<br \/>\n<\/strong>Wszystkie dane pobierane automatycznie nie zawieraj\u0105 danych osobowych i nie s\u0105 udost\u0119pniane osobom trzecim.<\/p>\n<p><strong>Zmiana polityki prywatno\u015bci<br \/>\n<\/strong>MAROM Marek Judycki zastrzega sobie prawo do zmiany powy\u017cszej polityki prywatno\u015bci poprzez jej republikacj\u0119.<\/p>\n<p><strong>Kontakt<\/strong><\/p>\n<p>MAROM Marek Judycki, ul. Ko\u0142\u0142\u0105taja 30\/2, 71-525 Szczecin, tel. (91) 488 40 34. W razie dodatkowych pyta\u0144 dotycz\u0105cych ochrony prywatno\u015bci, prosimy o kontakt: biuro@marom.pl<\/p>\n","protected":false},"excerpt":{"rendered":"<p>Polityka prywatno\u015bci serwisu www.marom.pl &nbsp; W\u0142a\u015bcicielem serwisu&nbsp;www.marom.pl&nbsp;jest&nbsp;MAROM Marek Judycki Serwis jest hostowany w Ogicom &#8222;Spider&#8221; Sp. z o.o.&nbsp;(http:\/\/www.blink.pl) Dane pobierane podczas wizyt na stronie www.marom.pl Podczas ka\u017cdej wizyty na stronie pobierane s\u0105 automatycznie dane okre\u015blaj\u0105ce adres IP komputera, nazwy domenowej, [&hellip;]<\/p>\n","protected":false},"author":1,"featured_media":0,"parent":0,"menu_order":4,"comment_status":"closed","ping_status":"closed","template":"","meta":{"ngg_post_thumbnail":0,"footnotes":""},"class_list":["post-78","page","type-page","status-publish","hentry","clearfix"],"_links":{"self":[{"href":"http:\/\/www.marom.pl\/index.php?rest_route=\/wp\/v2\/pages\/78","targetHints":{"allow":["GET"]}}],"collection":[{"href":"http:\/\/www.marom.pl\/index.php?rest_route=\/wp\/v2\/pages"}],"about":[{"href":"http:\/\/www.marom.pl\/index.php?rest_route=\/wp\/v2\/types\/page"}],"author":[{"embeddable":true,"href":"http:\/\/www.marom.pl\/index.php?rest_route=\/wp\/v2\/users\/1"}],"replies":[{"embeddable":true,"href":"http:\/\/www.marom.pl\/index.php?rest_route=%2Fwp%2Fv2%2Fcomments&post=78"}],"version-history":[{"count":7,"href":"http:\/\/www.marom.pl\/index.php?rest_route=\/wp\/v2\/pages\/78\/revisions"}],"predecessor-version":[{"id":257,"href":"http:\/\/www.marom.pl\/index.php?rest_route=\/wp\/v2\/pages\/78\/revisions\/257"}],"wp:attachment":[{"href":"http:\/\/www.marom.pl\/index.php?rest_route=%2Fwp%2Fv2%2Fmedia&parent=78"}],"curies":[{"name":"wp","href":"https:\/\/api.w.org\/{rel}","templated":true}]}}